{"id":1691,"date":"2023-08-13T07:47:13","date_gmt":"2023-08-13T07:47:13","guid":{"rendered":"https:\/\/www.meissner-formentechnologie.com\/?page_id=1691"},"modified":"2024-10-11T12:40:27","modified_gmt":"2024-10-11T12:40:27","slug":"partnerschaften","status":"publish","type":"page","link":"https:\/\/www.meissner-formentechnologie.com\/de\/partnerschaften\/","title":{"rendered":"Partnerschaften"},"content":{"rendered":"\n<figure class=\"wp-block-image size-large\"><img fetchpriority=\"high\" decoding=\"async\" width=\"1024\" height=\"709\" src=\"https:\/\/www.meissner-formentechnologie.com\/wp-content\/uploads\/2023\/08\/Partnerschaften-Logo-1024x709.png\" alt=\"\" class=\"wp-image-1695\" srcset=\"https:\/\/www.meissner-formentechnologie.com\/wp-content\/uploads\/2023\/08\/Partnerschaften-Logo-1024x709.png 1024w, https:\/\/www.meissner-formentechnologie.com\/wp-content\/uploads\/2023\/08\/Partnerschaften-Logo-300x208.png 300w, https:\/\/www.meissner-formentechnologie.com\/wp-content\/uploads\/2023\/08\/Partnerschaften-Logo-768x532.png 768w, https:\/\/www.meissner-formentechnologie.com\/wp-content\/uploads\/2023\/08\/Partnerschaften-Logo-1536x1064.png 1536w, https:\/\/www.meissner-formentechnologie.com\/wp-content\/uploads\/2023\/08\/Partnerschaften-Logo-2048x1418.png 2048w\" sizes=\"(max-width: 1024px) 100vw, 1024px\" \/><\/figure>\n\n\n\n<h2 class=\"wp-block-heading has-cyan-bluish-gray-color has-text-color\">MBC-Cooperation<br><\/h2>\n\n\n\n<p class=\"has-cyan-bluish-gray-color has-text-color has-medium-font-size\">Von der Vision zur Realit\u00e4t: Konstruktion, Produktion und Full-Service in h\u00f6chster Pr\u00e4zision<\/p>\n\n\n\n<p><\/p>\n\n\n\n<p><\/p>\n\n\n\n<div class=\"wp-block-columns is-layout-flex wp-container-core-columns-is-layout-9d6595d7 wp-block-columns-is-layout-flex\">\n<div class=\"wp-block-column is-layout-flow wp-block-column-is-layout-flow\"><div class=\"wp-block-image\">\n<figure class=\"aligncenter size-full is-resized\"><a href=\"https:\/\/www.barth-praezisionstechnik.de\/\" target=\"_blank\" rel=\"noreferrer noopener\"><img decoding=\"async\" width=\"1000\" height=\"487\" src=\"https:\/\/www.meissner-formentechnologie.com\/wp-content\/uploads\/2023\/08\/Barth-Logo-neu.png\" alt=\"\" class=\"wp-image-1704\" style=\"width:263px;height:auto\" srcset=\"https:\/\/www.meissner-formentechnologie.com\/wp-content\/uploads\/2023\/08\/Barth-Logo-neu.png 1000w, https:\/\/www.meissner-formentechnologie.com\/wp-content\/uploads\/2023\/08\/Barth-Logo-neu-300x146.png 300w, https:\/\/www.meissner-formentechnologie.com\/wp-content\/uploads\/2023\/08\/Barth-Logo-neu-768x374.png 768w\" sizes=\"(max-width: 1000px) 100vw, 1000px\" \/><\/a><\/figure>\n<\/div><\/div>\n\n\n\n<div class=\"wp-block-column is-layout-flow wp-block-column-is-layout-flow\"><div class=\"wp-block-image\">\n<figure class=\"alignleft size-full is-resized\"><a href=\"http:\/\/flyerindustrial.cadro-industrial.com\/\" target=\"_blank\" rel=\"noreferrer noopener\"><img decoding=\"async\" width=\"1054\" height=\"369\" src=\"https:\/\/www.meissner-formentechnologie.com\/wp-content\/uploads\/2024\/10\/Logo-Cadro-neu.png\" alt=\"\" class=\"wp-image-1881\" style=\"width:355px;height:auto\" srcset=\"https:\/\/www.meissner-formentechnologie.com\/wp-content\/uploads\/2024\/10\/Logo-Cadro-neu.png 1054w, https:\/\/www.meissner-formentechnologie.com\/wp-content\/uploads\/2024\/10\/Logo-Cadro-neu-300x105.png 300w, https:\/\/www.meissner-formentechnologie.com\/wp-content\/uploads\/2024\/10\/Logo-Cadro-neu-1024x358.png 1024w, https:\/\/www.meissner-formentechnologie.com\/wp-content\/uploads\/2024\/10\/Logo-Cadro-neu-768x269.png 768w\" sizes=\"(max-width: 1054px) 100vw, 1054px\" \/><\/a><\/figure>\n<\/div><\/div>\n\n\n\n<div class=\"wp-block-column is-layout-flow wp-block-column-is-layout-flow\"><div class=\"wp-block-image\">\n<figure class=\"aligncenter size-full is-resized\"><a href=\"https:\/\/mbc-cooperation.com\/\" target=\"_blank\" rel=\"noreferrer noopener\"><img loading=\"lazy\" decoding=\"async\" width=\"1251\" height=\"351\" src=\"https:\/\/www.meissner-formentechnologie.com\/wp-content\/uploads\/2024\/10\/MBC-Logo-neu.png\" alt=\"\" class=\"wp-image-1887\" style=\"width:478px;height:auto\" srcset=\"https:\/\/www.meissner-formentechnologie.com\/wp-content\/uploads\/2024\/10\/MBC-Logo-neu.png 1251w, https:\/\/www.meissner-formentechnologie.com\/wp-content\/uploads\/2024\/10\/MBC-Logo-neu-300x84.png 300w, https:\/\/www.meissner-formentechnologie.com\/wp-content\/uploads\/2024\/10\/MBC-Logo-neu-1024x287.png 1024w, https:\/\/www.meissner-formentechnologie.com\/wp-content\/uploads\/2024\/10\/MBC-Logo-neu-768x215.png 768w\" sizes=\"(max-width: 1251px) 100vw, 1251px\" \/><\/a><\/figure>\n<\/div><\/div>\n<\/div>\n\n\n\n<p><\/p>\n","protected":false},"excerpt":{"rendered":"<p>MBC-Cooperation Von der Vision zur Realit\u00e4t: Konstruktion, Produktion und Full-Service in h\u00f6chster Pr\u00e4zision<\/p>\n","protected":false},"author":4,"featured_media":0,"parent":0,"menu_order":0,"comment_status":"closed","ping_status":"closed","template":"","meta":{"_acf_changed":false,"footnotes":""},"class_list":["post-1691","page","type-page","status-publish","hentry"],"acf":[],"yoast_head":"<!-- This site is optimized with the Yoast SEO plugin v27.5 - https:\/\/yoast.com\/product\/yoast-seo-wordpress\/ -->\n<title>Partnerschaften - Meissner Formentechnologie<\/title>\n<meta name=\"robots\" content=\"index, follow, max-snippet:-1, max-image-preview:large, max-video-preview:-1\" \/>\n<link rel=\"canonical\" href=\"https:\/\/www.meissner-formentechnologie.com\/de\/partnerschaften\/\" \/>\n<meta property=\"og:locale\" content=\"de_DE\" \/>\n<meta property=\"og:type\" content=\"article\" \/>\n<meta property=\"og:title\" content=\"Partnerschaften - Meissner Formentechnologie\" \/>\n<meta property=\"og:description\" content=\"MBC-Cooperation Von der Vision zur Realit\u00e4t: Konstruktion, Produktion und Full-Service in h\u00f6chster Pr\u00e4zision\" \/>\n<meta property=\"og:url\" content=\"https:\/\/www.meissner-formentechnologie.com\/de\/partnerschaften\/\" \/>\n<meta property=\"og:site_name\" content=\"Meissner Formentechnologie\" \/>\n<meta property=\"article:modified_time\" content=\"2024-10-11T12:40:27+00:00\" \/>\n<meta property=\"og:image\" content=\"https:\/\/www.meissner-formentechnologie.com\/wp-content\/uploads\/2023\/08\/Partnerschaften-Logo.png\" \/>\n\t<meta property=\"og:image:width\" content=\"9497\" \/>\n\t<meta property=\"og:image:height\" content=\"6577\" \/>\n\t<meta property=\"og:image:type\" content=\"image\/png\" \/>\n<meta name=\"twitter:card\" content=\"summary_large_image\" \/>\n<meta name=\"twitter:label1\" content=\"Gesch\u00e4tzte Lesezeit\" \/>\n\t<meta name=\"twitter:data1\" content=\"1\u00a0Minute\" \/>\n<script type=\"application\/ld+json\" class=\"yoast-schema-graph\">{\"@context\":\"https:\\\/\\\/schema.org\",\"@graph\":[{\"@type\":\"WebPage\",\"@id\":\"https:\\\/\\\/www.meissner-formentechnologie.com\\\/de\\\/partnerschaften\\\/\",\"url\":\"https:\\\/\\\/www.meissner-formentechnologie.com\\\/de\\\/partnerschaften\\\/\",\"name\":\"Partnerschaften - Meissner Formentechnologie\",\"isPartOf\":{\"@id\":\"https:\\\/\\\/www.meissner-formentechnologie.com\\\/de\\\/#website\"},\"primaryImageOfPage\":{\"@id\":\"https:\\\/\\\/www.meissner-formentechnologie.com\\\/de\\\/partnerschaften\\\/#primaryimage\"},\"image\":{\"@id\":\"https:\\\/\\\/www.meissner-formentechnologie.com\\\/de\\\/partnerschaften\\\/#primaryimage\"},\"thumbnailUrl\":\"https:\\\/\\\/www.meissner-formentechnologie.com\\\/wp-content\\\/uploads\\\/2023\\\/08\\\/Partnerschaften-Logo-1024x709.png\",\"datePublished\":\"2023-08-13T07:47:13+00:00\",\"dateModified\":\"2024-10-11T12:40:27+00:00\",\"breadcrumb\":{\"@id\":\"https:\\\/\\\/www.meissner-formentechnologie.com\\\/de\\\/partnerschaften\\\/#breadcrumb\"},\"inLanguage\":\"de\",\"potentialAction\":[{\"@type\":\"ReadAction\",\"target\":[\"https:\\\/\\\/www.meissner-formentechnologie.com\\\/de\\\/partnerschaften\\\/\"]}]},{\"@type\":\"ImageObject\",\"inLanguage\":\"de\",\"@id\":\"https:\\\/\\\/www.meissner-formentechnologie.com\\\/de\\\/partnerschaften\\\/#primaryimage\",\"url\":\"https:\\\/\\\/www.meissner-formentechnologie.com\\\/wp-content\\\/uploads\\\/2023\\\/08\\\/Partnerschaften-Logo-1024x709.png\",\"contentUrl\":\"https:\\\/\\\/www.meissner-formentechnologie.com\\\/wp-content\\\/uploads\\\/2023\\\/08\\\/Partnerschaften-Logo-1024x709.png\"},{\"@type\":\"BreadcrumbList\",\"@id\":\"https:\\\/\\\/www.meissner-formentechnologie.com\\\/de\\\/partnerschaften\\\/#breadcrumb\",\"itemListElement\":[{\"@type\":\"ListItem\",\"position\":1,\"name\":\"Startseite\",\"item\":\"https:\\\/\\\/www.meissner-formentechnologie.com\\\/de\\\/\"},{\"@type\":\"ListItem\",\"position\":2,\"name\":\"Partnerschaften\"}]},{\"@type\":\"WebSite\",\"@id\":\"https:\\\/\\\/www.meissner-formentechnologie.com\\\/de\\\/#website\",\"url\":\"https:\\\/\\\/www.meissner-formentechnologie.com\\\/de\\\/\",\"name\":\"Meissner Formentechnologie\",\"description\":\"Spezialisierte Werkzeuge und Bauteile\",\"publisher\":{\"@id\":\"https:\\\/\\\/www.meissner-formentechnologie.com\\\/de\\\/#organization\"},\"potentialAction\":[{\"@type\":\"SearchAction\",\"target\":{\"@type\":\"EntryPoint\",\"urlTemplate\":\"https:\\\/\\\/www.meissner-formentechnologie.com\\\/de\\\/?s={search_term_string}\"},\"query-input\":{\"@type\":\"PropertyValueSpecification\",\"valueRequired\":true,\"valueName\":\"search_term_string\"}}],\"inLanguage\":\"de\"},{\"@type\":\"Organization\",\"@id\":\"https:\\\/\\\/www.meissner-formentechnologie.com\\\/de\\\/#organization\",\"name\":\"Meissner Formentechnologie\",\"url\":\"https:\\\/\\\/www.meissner-formentechnologie.com\\\/de\\\/\",\"logo\":{\"@type\":\"ImageObject\",\"inLanguage\":\"de\",\"@id\":\"https:\\\/\\\/www.meissner-formentechnologie.com\\\/de\\\/#\\\/schema\\\/logo\\\/image\\\/\",\"url\":\"https:\\\/\\\/www.meissner-formentechnologie.com\\\/wp-content\\\/uploads\\\/2022\\\/04\\\/logo-col.png\",\"contentUrl\":\"https:\\\/\\\/www.meissner-formentechnologie.com\\\/wp-content\\\/uploads\\\/2022\\\/04\\\/logo-col.png\",\"width\":800,\"height\":323,\"caption\":\"Meissner Formentechnologie\"},\"image\":{\"@id\":\"https:\\\/\\\/www.meissner-formentechnologie.com\\\/de\\\/#\\\/schema\\\/logo\\\/image\\\/\"}}]}<\/script>\n<!-- \/ Yoast SEO plugin. -->","yoast_head_json":{"title":"Partnerschaften - Meissner Formentechnologie","robots":{"index":"index","follow":"follow","max-snippet":"max-snippet:-1","max-image-preview":"max-image-preview:large","max-video-preview":"max-video-preview:-1"},"canonical":"https:\/\/www.meissner-formentechnologie.com\/de\/partnerschaften\/","og_locale":"de_DE","og_type":"article","og_title":"Partnerschaften - Meissner Formentechnologie","og_description":"MBC-Cooperation Von der Vision zur Realit\u00e4t: Konstruktion, Produktion und Full-Service in h\u00f6chster Pr\u00e4zision","og_url":"https:\/\/www.meissner-formentechnologie.com\/de\/partnerschaften\/","og_site_name":"Meissner Formentechnologie","article_modified_time":"2024-10-11T12:40:27+00:00","og_image":[{"width":9497,"height":6577,"url":"https:\/\/www.meissner-formentechnologie.com\/wp-content\/uploads\/2023\/08\/Partnerschaften-Logo.png","type":"image\/png"}],"twitter_card":"summary_large_image","twitter_misc":{"Gesch\u00e4tzte Lesezeit":"1\u00a0Minute"},"schema":{"@context":"https:\/\/schema.org","@graph":[{"@type":"WebPage","@id":"https:\/\/www.meissner-formentechnologie.com\/de\/partnerschaften\/","url":"https:\/\/www.meissner-formentechnologie.com\/de\/partnerschaften\/","name":"Partnerschaften - Meissner Formentechnologie","isPartOf":{"@id":"https:\/\/www.meissner-formentechnologie.com\/de\/#website"},"primaryImageOfPage":{"@id":"https:\/\/www.meissner-formentechnologie.com\/de\/partnerschaften\/#primaryimage"},"image":{"@id":"https:\/\/www.meissner-formentechnologie.com\/de\/partnerschaften\/#primaryimage"},"thumbnailUrl":"https:\/\/www.meissner-formentechnologie.com\/wp-content\/uploads\/2023\/08\/Partnerschaften-Logo-1024x709.png","datePublished":"2023-08-13T07:47:13+00:00","dateModified":"2024-10-11T12:40:27+00:00","breadcrumb":{"@id":"https:\/\/www.meissner-formentechnologie.com\/de\/partnerschaften\/#breadcrumb"},"inLanguage":"de","potentialAction":[{"@type":"ReadAction","target":["https:\/\/www.meissner-formentechnologie.com\/de\/partnerschaften\/"]}]},{"@type":"ImageObject","inLanguage":"de","@id":"https:\/\/www.meissner-formentechnologie.com\/de\/partnerschaften\/#primaryimage","url":"https:\/\/www.meissner-formentechnologie.com\/wp-content\/uploads\/2023\/08\/Partnerschaften-Logo-1024x709.png","contentUrl":"https:\/\/www.meissner-formentechnologie.com\/wp-content\/uploads\/2023\/08\/Partnerschaften-Logo-1024x709.png"},{"@type":"BreadcrumbList","@id":"https:\/\/www.meissner-formentechnologie.com\/de\/partnerschaften\/#breadcrumb","itemListElement":[{"@type":"ListItem","position":1,"name":"Startseite","item":"https:\/\/www.meissner-formentechnologie.com\/de\/"},{"@type":"ListItem","position":2,"name":"Partnerschaften"}]},{"@type":"WebSite","@id":"https:\/\/www.meissner-formentechnologie.com\/de\/#website","url":"https:\/\/www.meissner-formentechnologie.com\/de\/","name":"Meissner Formentechnologie","description":"Spezialisierte Werkzeuge und Bauteile","publisher":{"@id":"https:\/\/www.meissner-formentechnologie.com\/de\/#organization"},"potentialAction":[{"@type":"SearchAction","target":{"@type":"EntryPoint","urlTemplate":"https:\/\/www.meissner-formentechnologie.com\/de\/?s={search_term_string}"},"query-input":{"@type":"PropertyValueSpecification","valueRequired":true,"valueName":"search_term_string"}}],"inLanguage":"de"},{"@type":"Organization","@id":"https:\/\/www.meissner-formentechnologie.com\/de\/#organization","name":"Meissner Formentechnologie","url":"https:\/\/www.meissner-formentechnologie.com\/de\/","logo":{"@type":"ImageObject","inLanguage":"de","@id":"https:\/\/www.meissner-formentechnologie.com\/de\/#\/schema\/logo\/image\/","url":"https:\/\/www.meissner-formentechnologie.com\/wp-content\/uploads\/2022\/04\/logo-col.png","contentUrl":"https:\/\/www.meissner-formentechnologie.com\/wp-content\/uploads\/2022\/04\/logo-col.png","width":800,"height":323,"caption":"Meissner Formentechnologie"},"image":{"@id":"https:\/\/www.meissner-formentechnologie.com\/de\/#\/schema\/logo\/image\/"}}]}},"_links":{"self":[{"href":"https:\/\/www.meissner-formentechnologie.com\/de\/wp-json\/wp\/v2\/pages\/1691","targetHints":{"allow":["GET"]}}],"collection":[{"href":"https:\/\/www.meissner-formentechnologie.com\/de\/wp-json\/wp\/v2\/pages"}],"about":[{"href":"https:\/\/www.meissner-formentechnologie.com\/de\/wp-json\/wp\/v2\/types\/page"}],"author":[{"embeddable":true,"href":"https:\/\/www.meissner-formentechnologie.com\/de\/wp-json\/wp\/v2\/users\/4"}],"replies":[{"embeddable":true,"href":"https:\/\/www.meissner-formentechnologie.com\/de\/wp-json\/wp\/v2\/comments?post=1691"}],"version-history":[{"count":31,"href":"https:\/\/www.meissner-formentechnologie.com\/de\/wp-json\/wp\/v2\/pages\/1691\/revisions"}],"predecessor-version":[{"id":1898,"href":"https:\/\/www.meissner-formentechnologie.com\/de\/wp-json\/wp\/v2\/pages\/1691\/revisions\/1898"}],"wp:attachment":[{"href":"https:\/\/www.meissner-formentechnologie.com\/de\/wp-json\/wp\/v2\/media?parent=1691"}],"curies":[{"name":"wp","href":"https:\/\/api.w.org\/{rel}","templated":true}]}}