{"id":19,"date":"2022-04-01T09:17:50","date_gmt":"2022-04-01T09:17:50","guid":{"rendered":"https:\/\/www.meissner-formentechnologie.com\/?page_id=19"},"modified":"2022-07-11T20:39:51","modified_gmt":"2022-07-11T20:39:51","slug":"impressum","status":"publish","type":"page","link":"https:\/\/www.meissner-formentechnologie.com\/de\/impressum\/","title":{"rendered":"Impressum"},"content":{"rendered":"\t\t<div data-elementor-type=\"wp-page\" data-elementor-id=\"19\" class=\"elementor elementor-19\">\n\t\t\t\t\t\t<section class=\"elementor-section elementor-top-section elementor-element elementor-element-e66bfb6 elementor-section-boxed elementor-section-height-default elementor-section-height-default\" data-id=\"e66bfb6\" data-element_type=\"section\" data-e-type=\"section\" data-settings=\"{&quot;jet_parallax_layout_list&quot;:[],&quot;background_background&quot;:&quot;classic&quot;}\">\n\t\t\t\t\t\t\t<div class=\"elementor-background-overlay\"><\/div>\n\t\t\t\t\t\t\t<div class=\"elementor-container elementor-column-gap-default\">\n\t\t\t\t\t<div class=\"elementor-column elementor-col-100 elementor-top-column elementor-element elementor-element-abdea6c\" data-id=\"abdea6c\" data-element_type=\"column\" data-e-type=\"column\">\n\t\t\t<div class=\"elementor-widget-wrap elementor-element-populated\">\n\t\t\t\t\t\t<section class=\"elementor-section elementor-inner-section elementor-element elementor-element-135352b elementor-section-boxed elementor-section-height-default elementor-section-height-default\" data-id=\"135352b\" data-element_type=\"section\" data-e-type=\"section\" data-settings=\"{&quot;jet_parallax_layout_list&quot;:[]}\">\n\t\t\t\t\t\t<div class=\"elementor-container elementor-column-gap-default\">\n\t\t\t\t\t<div class=\"elementor-column elementor-col-50 elementor-inner-column elementor-element elementor-element-5b8c03c\" data-id=\"5b8c03c\" data-element_type=\"column\" data-e-type=\"column\">\n\t\t\t<div class=\"elementor-widget-wrap elementor-element-populated\">\n\t\t\t\t\t\t<div class=\"elementor-element elementor-element-a9a937c elementor-widget elementor-widget-heading\" data-id=\"a9a937c\" data-element_type=\"widget\" data-e-type=\"widget\" data-widget_type=\"heading.default\">\n\t\t\t\t<div class=\"elementor-widget-container\">\n\t\t\t\t\t<div class=\"elementor-heading-title elementor-size-default\">Impressum<\/div>\t\t\t\t<\/div>\n\t\t\t\t<\/div>\n\t\t\t\t\t<\/div>\n\t\t<\/div>\n\t\t\t\t<div class=\"elementor-column elementor-col-50 elementor-inner-column elementor-element elementor-element-0bd80df\" data-id=\"0bd80df\" data-element_type=\"column\" data-e-type=\"column\">\n\t\t\t<div class=\"elementor-widget-wrap elementor-element-populated\">\n\t\t\t\t\t\t<div class=\"elementor-element elementor-element-9585aa6 elementor-align-flex-end elementor-widget elementor-widget-raven-breadcrumbs\" data-id=\"9585aa6\" data-element_type=\"widget\" data-e-type=\"widget\" data-widget_type=\"raven-breadcrumbs.default\">\n\t\t\t\t<div class=\"elementor-widget-container\">\n\t\t\t\t\t<div class=\"raven-breadcrumbs raven-breadcrumbs-default\"><div class=\"breadcrumb\">\t\t\t\t<div class=\"breadcrumb-item active\" aria-current=\"page\"><span>Home<\/span><\/div>\n\n\t\t\t\t<\/div><\/div>\t\t\t\t<\/div>\n\t\t\t\t<\/div>\n\t\t\t\t\t<\/div>\n\t\t<\/div>\n\t\t\t\t\t<\/div>\n\t\t<\/section>\n\t\t\t\t\t<\/div>\n\t\t<\/div>\n\t\t\t\t\t<\/div>\n\t\t<\/section>\n\t\t\t\t<section class=\"elementor-section elementor-top-section elementor-element elementor-element-169c35a elementor-section-content-middle elementor-section-boxed elementor-section-height-default elementor-section-height-default\" data-id=\"169c35a\" data-element_type=\"section\" data-e-type=\"section\" data-settings=\"{&quot;jet_parallax_layout_list&quot;:[],&quot;background_background&quot;:&quot;classic&quot;}\">\n\t\t\t\t\t\t<div class=\"elementor-container elementor-column-gap-extended\">\n\t\t\t\t\t<div class=\"elementor-column elementor-col-100 elementor-top-column elementor-element elementor-element-2b12a2d\" data-id=\"2b12a2d\" data-element_type=\"column\" data-e-type=\"column\">\n\t\t\t<div class=\"elementor-widget-wrap elementor-element-populated\">\n\t\t\t\t\t\t<section class=\"elementor-section elementor-inner-section elementor-element elementor-element-4f7cf8e elementor-section-content-top elementor-section-boxed elementor-section-height-default elementor-section-height-default\" data-id=\"4f7cf8e\" data-element_type=\"section\" data-e-type=\"section\" data-settings=\"{&quot;jet_parallax_layout_list&quot;:[]}\">\n\t\t\t\t\t\t<div class=\"elementor-container elementor-column-gap-wider\">\n\t\t\t\t\t<div class=\"elementor-column elementor-col-100 elementor-inner-column elementor-element elementor-element-dad70d7\" data-id=\"dad70d7\" data-element_type=\"column\" data-e-type=\"column\">\n\t\t\t<div class=\"elementor-widget-wrap elementor-element-populated\">\n\t\t\t\t\t\t<div class=\"elementor-element elementor-element-7c8e540 elementor-widget elementor-widget-text-editor\" data-id=\"7c8e540\" data-element_type=\"widget\" data-e-type=\"widget\" data-widget_type=\"text-editor.default\">\n\t\t\t\t<div class=\"elementor-widget-container\">\n\t\t\t\t\t\t\t\t\t<p>Meissner Formentechnologie GmbH<br \/>Daimlerstra\u00dfe 5<br \/>D-79585 Steinen\/Baden<\/p><p>Tel: +49 (0)7627 70869-0, Fax: +49 (0)7627 70869-99<br \/>E-Mail: info@meissner-formentechnologie.com<\/p><p>Gesch\u00e4ftsf\u00fchrer: Beate Mei\u00dfner, Christoph Mei\u00dfner<\/p><p>Verantwortlich nach (\u00a7 6 MDStV): Christoph Mei\u00dfner<\/p><p>Ust.-Id-Nr.: DE 142403643<br \/>Handelsregistereintrag: HRB 411930 Freiburg<\/p><p>Die Informationen und sonstigen Angaben auf dieser Website sind unverbindlich und unterliegen dem Vorbehalt der jederzeitigen \u00c4nderung. Deshalb ist jede Haftung f\u00fcr die Richtigkeit und Vollst\u00e4ndigkeit der Informationen ausgeschlossen.<\/p><p>Bei verlinkten Seiten handelt es sich ausschlie\u00dflich um fremde Inhalte. Der Anbieter \u00fcbernimmt keine Haftung f\u00fcr den Inhalt der verlinkten Seiten. Unternehmensangaben nach \u00a7 6 Teledienstegesetz (TDG)<\/p>\t\t\t\t\t\t\t\t<\/div>\n\t\t\t\t<\/div>\n\t\t\t\t\t<\/div>\n\t\t<\/div>\n\t\t\t\t\t<\/div>\n\t\t<\/section>\n\t\t\t\t\t<\/div>\n\t\t<\/div>\n\t\t\t\t\t<\/div>\n\t\t<\/section>\n\t\t\t\t<\/div>\n\t\t","protected":false},"excerpt":{"rendered":"<p>Home Meissner Formentechnologie GmbHDaimlerstra\u00dfe 5D-79585 Steinen\/Baden Tel: +49 (0)7627 70869-0, Fax: +49 (0)7627 70869-99E-Mail: info@meissner-formentechnologie.com Gesch\u00e4ftsf\u00fchrer: Beate Mei\u00dfner, Christoph Mei\u00dfner Verantwortlich nach (\u00a7 6 MDStV): Christoph Mei\u00dfner Ust.-Id-Nr.: DE 142403643Handelsregistereintrag: HRB 411930 Freiburg Die Informationen und sonstigen Angaben auf dieser Website sind unverbindlich und unterliegen dem Vorbehalt der jederzeitigen \u00c4nderung. Deshalb ist jede Haftung f\u00fcr [&hellip;]<\/p>\n","protected":false},"author":1,"featured_media":0,"parent":0,"menu_order":110,"comment_status":"closed","ping_status":"closed","template":"elementor_header_footer","meta":{"_acf_changed":false,"footnotes":""},"class_list":["post-19","page","type-page","status-publish","hentry"],"acf":[],"yoast_head":"<!-- This site is optimized with the Yoast SEO plugin v27.5 - https:\/\/yoast.com\/product\/yoast-seo-wordpress\/ -->\n<title>Impressum - Meissner Formentechnologie<\/title>\n<meta name=\"robots\" content=\"index, follow, max-snippet:-1, max-image-preview:large, max-video-preview:-1\" \/>\n<link rel=\"canonical\" href=\"https:\/\/www.meissner-formentechnologie.com\/de\/impressum\/\" \/>\n<meta property=\"og:locale\" content=\"de_DE\" \/>\n<meta property=\"og:type\" content=\"article\" \/>\n<meta property=\"og:title\" content=\"Impressum - Meissner Formentechnologie\" \/>\n<meta property=\"og:description\" content=\"Home Meissner Formentechnologie GmbHDaimlerstra\u00dfe 5D-79585 Steinen\/Baden Tel: +49 (0)7627 70869-0, Fax: +49 (0)7627 70869-99E-Mail: info@meissner-formentechnologie.com Gesch\u00e4ftsf\u00fchrer: Beate Mei\u00dfner, Christoph Mei\u00dfner Verantwortlich nach (\u00a7 6 MDStV): Christoph Mei\u00dfner Ust.-Id-Nr.: DE 142403643Handelsregistereintrag: HRB 411930 Freiburg Die Informationen und sonstigen Angaben auf dieser Website sind unverbindlich und unterliegen dem Vorbehalt der jederzeitigen \u00c4nderung. Deshalb ist jede Haftung f\u00fcr [&hellip;]\" \/>\n<meta property=\"og:url\" content=\"https:\/\/www.meissner-formentechnologie.com\/de\/impressum\/\" \/>\n<meta property=\"og:site_name\" content=\"Meissner Formentechnologie\" \/>\n<meta property=\"article:modified_time\" content=\"2022-07-11T20:39:51+00:00\" \/>\n<meta name=\"twitter:card\" content=\"summary_large_image\" \/>\n<meta name=\"twitter:label1\" content=\"Gesch\u00e4tzte Lesezeit\" \/>\n\t<meta name=\"twitter:data1\" content=\"1\u00a0Minute\" \/>\n<script type=\"application\/ld+json\" class=\"yoast-schema-graph\">{\"@context\":\"https:\\\/\\\/schema.org\",\"@graph\":[{\"@type\":\"WebPage\",\"@id\":\"https:\\\/\\\/www.meissner-formentechnologie.com\\\/de\\\/impressum\\\/\",\"url\":\"https:\\\/\\\/www.meissner-formentechnologie.com\\\/de\\\/impressum\\\/\",\"name\":\"Impressum - Meissner Formentechnologie\",\"isPartOf\":{\"@id\":\"https:\\\/\\\/www.meissner-formentechnologie.com\\\/de\\\/#website\"},\"datePublished\":\"2022-04-01T09:17:50+00:00\",\"dateModified\":\"2022-07-11T20:39:51+00:00\",\"breadcrumb\":{\"@id\":\"https:\\\/\\\/www.meissner-formentechnologie.com\\\/de\\\/impressum\\\/#breadcrumb\"},\"inLanguage\":\"de\",\"potentialAction\":[{\"@type\":\"ReadAction\",\"target\":[\"https:\\\/\\\/www.meissner-formentechnologie.com\\\/de\\\/impressum\\\/\"]}]},{\"@type\":\"BreadcrumbList\",\"@id\":\"https:\\\/\\\/www.meissner-formentechnologie.com\\\/de\\\/impressum\\\/#breadcrumb\",\"itemListElement\":[{\"@type\":\"ListItem\",\"position\":1,\"name\":\"Startseite\",\"item\":\"https:\\\/\\\/www.meissner-formentechnologie.com\\\/de\\\/\"},{\"@type\":\"ListItem\",\"position\":2,\"name\":\"Impressum\"}]},{\"@type\":\"WebSite\",\"@id\":\"https:\\\/\\\/www.meissner-formentechnologie.com\\\/de\\\/#website\",\"url\":\"https:\\\/\\\/www.meissner-formentechnologie.com\\\/de\\\/\",\"name\":\"Meissner Formentechnologie\",\"description\":\"Spezialisierte Werkzeuge und Bauteile\",\"publisher\":{\"@id\":\"https:\\\/\\\/www.meissner-formentechnologie.com\\\/de\\\/#organization\"},\"potentialAction\":[{\"@type\":\"SearchAction\",\"target\":{\"@type\":\"EntryPoint\",\"urlTemplate\":\"https:\\\/\\\/www.meissner-formentechnologie.com\\\/de\\\/?s={search_term_string}\"},\"query-input\":{\"@type\":\"PropertyValueSpecification\",\"valueRequired\":true,\"valueName\":\"search_term_string\"}}],\"inLanguage\":\"de\"},{\"@type\":\"Organization\",\"@id\":\"https:\\\/\\\/www.meissner-formentechnologie.com\\\/de\\\/#organization\",\"name\":\"Meissner Formentechnologie\",\"url\":\"https:\\\/\\\/www.meissner-formentechnologie.com\\\/de\\\/\",\"logo\":{\"@type\":\"ImageObject\",\"inLanguage\":\"de\",\"@id\":\"https:\\\/\\\/www.meissner-formentechnologie.com\\\/de\\\/#\\\/schema\\\/logo\\\/image\\\/\",\"url\":\"https:\\\/\\\/www.meissner-formentechnologie.com\\\/wp-content\\\/uploads\\\/2022\\\/04\\\/logo-col.png\",\"contentUrl\":\"https:\\\/\\\/www.meissner-formentechnologie.com\\\/wp-content\\\/uploads\\\/2022\\\/04\\\/logo-col.png\",\"width\":800,\"height\":323,\"caption\":\"Meissner Formentechnologie\"},\"image\":{\"@id\":\"https:\\\/\\\/www.meissner-formentechnologie.com\\\/de\\\/#\\\/schema\\\/logo\\\/image\\\/\"}}]}<\/script>\n<!-- \/ Yoast SEO plugin. -->","yoast_head_json":{"title":"Impressum - Meissner Formentechnologie","robots":{"index":"index","follow":"follow","max-snippet":"max-snippet:-1","max-image-preview":"max-image-preview:large","max-video-preview":"max-video-preview:-1"},"canonical":"https:\/\/www.meissner-formentechnologie.com\/de\/impressum\/","og_locale":"de_DE","og_type":"article","og_title":"Impressum - Meissner Formentechnologie","og_description":"Home Meissner Formentechnologie GmbHDaimlerstra\u00dfe 5D-79585 Steinen\/Baden Tel: +49 (0)7627 70869-0, Fax: +49 (0)7627 70869-99E-Mail: info@meissner-formentechnologie.com Gesch\u00e4ftsf\u00fchrer: Beate Mei\u00dfner, Christoph Mei\u00dfner Verantwortlich nach (\u00a7 6 MDStV): Christoph Mei\u00dfner Ust.-Id-Nr.: DE 142403643Handelsregistereintrag: HRB 411930 Freiburg Die Informationen und sonstigen Angaben auf dieser Website sind unverbindlich und unterliegen dem Vorbehalt der jederzeitigen \u00c4nderung. Deshalb ist jede Haftung f\u00fcr [&hellip;]","og_url":"https:\/\/www.meissner-formentechnologie.com\/de\/impressum\/","og_site_name":"Meissner Formentechnologie","article_modified_time":"2022-07-11T20:39:51+00:00","twitter_card":"summary_large_image","twitter_misc":{"Gesch\u00e4tzte Lesezeit":"1\u00a0Minute"},"schema":{"@context":"https:\/\/schema.org","@graph":[{"@type":"WebPage","@id":"https:\/\/www.meissner-formentechnologie.com\/de\/impressum\/","url":"https:\/\/www.meissner-formentechnologie.com\/de\/impressum\/","name":"Impressum - Meissner Formentechnologie","isPartOf":{"@id":"https:\/\/www.meissner-formentechnologie.com\/de\/#website"},"datePublished":"2022-04-01T09:17:50+00:00","dateModified":"2022-07-11T20:39:51+00:00","breadcrumb":{"@id":"https:\/\/www.meissner-formentechnologie.com\/de\/impressum\/#breadcrumb"},"inLanguage":"de","potentialAction":[{"@type":"ReadAction","target":["https:\/\/www.meissner-formentechnologie.com\/de\/impressum\/"]}]},{"@type":"BreadcrumbList","@id":"https:\/\/www.meissner-formentechnologie.com\/de\/impressum\/#breadcrumb","itemListElement":[{"@type":"ListItem","position":1,"name":"Startseite","item":"https:\/\/www.meissner-formentechnologie.com\/de\/"},{"@type":"ListItem","position":2,"name":"Impressum"}]},{"@type":"WebSite","@id":"https:\/\/www.meissner-formentechnologie.com\/de\/#website","url":"https:\/\/www.meissner-formentechnologie.com\/de\/","name":"Meissner Formentechnologie","description":"Spezialisierte Werkzeuge und Bauteile","publisher":{"@id":"https:\/\/www.meissner-formentechnologie.com\/de\/#organization"},"potentialAction":[{"@type":"SearchAction","target":{"@type":"EntryPoint","urlTemplate":"https:\/\/www.meissner-formentechnologie.com\/de\/?s={search_term_string}"},"query-input":{"@type":"PropertyValueSpecification","valueRequired":true,"valueName":"search_term_string"}}],"inLanguage":"de"},{"@type":"Organization","@id":"https:\/\/www.meissner-formentechnologie.com\/de\/#organization","name":"Meissner Formentechnologie","url":"https:\/\/www.meissner-formentechnologie.com\/de\/","logo":{"@type":"ImageObject","inLanguage":"de","@id":"https:\/\/www.meissner-formentechnologie.com\/de\/#\/schema\/logo\/image\/","url":"https:\/\/www.meissner-formentechnologie.com\/wp-content\/uploads\/2022\/04\/logo-col.png","contentUrl":"https:\/\/www.meissner-formentechnologie.com\/wp-content\/uploads\/2022\/04\/logo-col.png","width":800,"height":323,"caption":"Meissner Formentechnologie"},"image":{"@id":"https:\/\/www.meissner-formentechnologie.com\/de\/#\/schema\/logo\/image\/"}}]}},"_links":{"self":[{"href":"https:\/\/www.meissner-formentechnologie.com\/de\/wp-json\/wp\/v2\/pages\/19","targetHints":{"allow":["GET"]}}],"collection":[{"href":"https:\/\/www.meissner-formentechnologie.com\/de\/wp-json\/wp\/v2\/pages"}],"about":[{"href":"https:\/\/www.meissner-formentechnologie.com\/de\/wp-json\/wp\/v2\/types\/page"}],"author":[{"embeddable":true,"href":"https:\/\/www.meissner-formentechnologie.com\/de\/wp-json\/wp\/v2\/users\/1"}],"replies":[{"embeddable":true,"href":"https:\/\/www.meissner-formentechnologie.com\/de\/wp-json\/wp\/v2\/comments?post=19"}],"version-history":[{"count":14,"href":"https:\/\/www.meissner-formentechnologie.com\/de\/wp-json\/wp\/v2\/pages\/19\/revisions"}],"predecessor-version":[{"id":1165,"href":"https:\/\/www.meissner-formentechnologie.com\/de\/wp-json\/wp\/v2\/pages\/19\/revisions\/1165"}],"wp:attachment":[{"href":"https:\/\/www.meissner-formentechnologie.com\/de\/wp-json\/wp\/v2\/media?parent=19"}],"curies":[{"name":"wp","href":"https:\/\/api.w.org\/{rel}","templated":true}]}}